{"id":2599,"date":"2021-10-05T23:41:21","date_gmt":"2021-10-05T21:41:21","guid":{"rendered":"https:\/\/www.mydigitalexpo.com\/privacy-policy\/"},"modified":"2022-07-18T16:51:46","modified_gmt":"2022-07-18T14:51:46","slug":"privacy-policy","status":"publish","type":"page","link":"https:\/\/www.mydigitalexpo.com\/en\/privacy-policy\/","title":{"rendered":"Privacy Policy"},"content":{"rendered":"<section class=\"wpb-content-wrapper\"><p>[vc_row equal_height=&#8221;yes&#8221; content_placement=&#8221;middle&#8221; type=&#8221;vc_default&#8221; margin_top=&#8221;5&#8243; margin_bottom=&#8221;10&#8243; css=&#8221;.vc_custom_1529516549373{padding-top: 70px !important;padding-bottom: 20px !important;}&#8221;][vc_column offset=&#8221;vc_col-lg-offset-2 vc_col-lg-8 vc_col-md-offset-1 vc_col-md-10&#8243;]<div id=\"ultimate-heading-516169fe00529a6bb\" class=\"uvc-heading ult-adjust-bottom-margin ultimate-heading-516169fe00529a6bb uvc-4837 accent-border-color\" data-hspacer=\"line_only\"  data-halign=\"center\" style=\"text-align:center\"><div class=\"uvc-main-heading ult-responsive\"  data-ultimate-target='.uvc-heading.ultimate-heading-516169fe00529a6bb h2'  data-responsive-json-new='{\"font-size\":\"desktop:44px;tablet_portrait:30px;\",\"line-height\":\"desktop:54px;tablet_portrait:40px;\"}' ><h2 style=\"font-weight:bold;margin-bottom:10px;\">Privacy Policy<\/h2><\/div><div class=\"uvc-heading-spacer line_only\" style=\"margin-bottom:40px;height:5px;\"><span class=\"uvc-headings-line\" style=\"border-style:solid;border-bottom-width:5px;border-color:;width:120px;\"><\/span><\/div><\/div>[\/vc_column][\/vc_row][vc_row css=&#8221;.vc_custom_1658155902853{padding-bottom: 60px !important;}&#8221;][vc_column][vc_column_text css=&#8221;.vc_custom_1642966313803{padding-bottom: 20px !important;}&#8221;]<\/p>\n<div id=\"content\" class=\"site-content clr\">\n<article class=\"single-page-article clr\">\n<div class=\"entry clr\">\n<div class=\"bialty-container\">\n<div class=\"fl-builder-content fl-builder-content-3 fl-builder-content-primary fl-builder-global-templates-locked\" data-post-id=\"3\">\n<div class=\"fl-row fl-row-full-width fl-row-bg-color fl-node-5e84d719b9c8c\" data-node=\"5e84d719b9c8c\">\n<div class=\"fl-row-content-wrap\">\n<div class=\"fl-row-content fl-row-fixed-width fl-node-content\">\n<div class=\"fl-col-group fl-node-5e84d719bae60\" data-node=\"5e84d719bae60\">\n<div class=\"fl-col fl-node-5e84d719bb085\" data-node=\"5e84d719bb085\">\n<div class=\"fl-col-content fl-node-content\">\n<div class=\"fl-module fl-module-rich-text fl-node-5e84d719bf924\" data-node=\"5e84d719bf924\">\n<div class=\"fl-module-content fl-node-content\">\n<div class=\"fl-rich-text\">\n<h2>1. Titolare del trattamento<\/h2>\n<p>Fiera Roma S.r.l. con sede legale in Via Portuense, 1645 Roma (Italia) (\u201cFieraRoma\u201d) garantisce il rispetto della disciplina in materia di protezione dei dati personali fornendo le seguenti informazioni circa il trattamento dei dati comunicati o comunque raccolti nel corso della navigazione sul presente sito.<\/p>\n<h2>2. Dati trattati, finalit\u00e0 e basi giuridiche del trattamento<\/h2>\n<h4>Dati generati dall\u2019accesso al sito<\/h4>\n<p>I sistemi informatici e le procedure software preposte al funzionamento di questo sito acquisiscono, nel corso del loro normale esercizio, alcuni dati personali la cui trasmissione \u00e8 implicita nell\u2019uso dei protocolli di comunicazione di Internet.<\/p>\n<p>Questi dati (quali ad esempio nomi di dominio, indirizzi IP, sistema operativo utilizzato, tipo di device di browser utilizzati per la connessione) non sono accompagnati da alcuna informazione personale aggiuntiva e vengono utilizzati per: i) ricavare informazioni statistiche anonime sull\u2019uso del sito; ii) gestire esigenze di controllo delle modalit\u00e0 di utilizzo dello stesso, iii) accertare responsabilit\u00e0 in caso di ipotetici reati informatici.<\/p>\n<p>La base giuridica che legittima il trattamento di tali dati \u00e8 la necessit\u00e0 di rendere utilizzabili le funzionalit\u00e0 del sito a seguito dell\u2019accesso dell\u2019utente.<\/p>\n<h4>Dati forniti volontariamente dall\u2019utente<\/h4>\n<p>I dati personali forniti dall\u2019utente tramite form sono raccolti e trattati per le seguenti finalit\u00e0:<\/p>\n<ul>\n<li>per lo svolgimento delle attivit\u00e0 di relazione con il cliente in base agli accordi contrattuali.<\/li>\n<li>per finalit\u00e0 amministrative e per l\u2019adempimento di obblighi di legge quali ad esempio quelli di natura contabile, fiscale, o per dar corso a richieste dell\u2019autorit\u00e0 giudiziaria;<\/li>\n<li>in presenza di specifico consenso, per l\u2019invio periodico, tramite e-mail, di newsletter e materiale pubblicitario;<\/li>\n<li>in presenza di specifico consenso, per ricevere aggiornamenti sulle nostre attivit\u00e0 e segnalazioni sulla pubblicazione di post del nostro blog;<\/li>\n<li>in presenza di specifico consenso, per ricevere comunicazioni promozionali ed inviti ad eventi, corsi di formazione, webinar, promozioni speciali o a partecipare a analisi e ricerche di mercato;<\/li>\n<li>nel caso di invio di curriculum vitae, esclusivamente per finalit\u00e0 di selezione.<\/li>\n<\/ul>\n<p>La base giuridica che legittima il trattamento \u00e8 l\u2019esecuzione di un contratto di cui l\u2019interessato \u00e8 parte o l\u2019esecuzione di misure precontrattuali adottate su richiesta dello stesso. Nei casi espressamente indicati la base giuridica \u00e8 il consenso liberamente fornito dall\u2019interessato.<\/p>\n<h4 class=\"paragraph-title\">Dati raccolti tramite la Piattaforma<\/h4>\n<div class=\"paragraph-title\">Per completa informazione precisiamo che nell\u2019invio delle comunicazioni, FieraRoma si avvale della propria Piattaforma, che, attraverso sistemi di tracciamento statistico, consente di rilevare l\u2019apertura di un messaggio, i click effettuati sui collegamenti ipertestuali contenuti all\u2019interno dell\u2019email, da quale indirizzo IP o con quale tipo di browser viene aperta l\u2019email, e altri dettagli simili. La raccolta di tali dati \u00e8 funzionale all\u2019utilizzo della piattaforma e costituisce parte integrante delle funzionalit\u00e0 del sistema di invio dei messaggi.<\/div>\n<p>La base giuridica che legittima il trattamento di tali dati \u00e8 l\u2019esecuzione di un contratto di cui l\u2019interessato \u00e8 parte.<\/p>\n<h2>3. Natura del conferimento<\/h2>\n<p>A parte quanto specificato per i dati di navigazione e per i dati raccolti tramite la Piattaforma, il conferimento dei dati:<\/p>\n<ul>\n<li>rispetto alle finalit\u00e0 di cui alle lettere a), b) ed f) \u00e8 facoltativo ma l\u2019eventuale rifiuto comporter\u00e0 l\u2019impossibilit\u00e0 per FieraRoma di dar corso agli impegni contrattuali assunti.<\/li>\n<li>rispetto alle finalit\u00e0 di cui alla lettera c), d) ed e) \u00e8 anche esso facoltativo e il loro utilizzo \u00e8 condizionato al rilascio di un esplicito consenso. L\u2019eventuale rifiuto comporter\u00e0 l\u2019impossibilit\u00e0 per FieraRoma di inviare newsletter e materiale pubblicitario o inviti a eventi e iniziative.<\/li>\n<\/ul>\n<h2>4. Modalit\u00e0 di trattamento e tempi di conservazione dei dati<\/h2>\n<p>I dati raccolti saranno trattati mediante strumenti elettronici o comunque automatizzati, informatici e telematici, o mediante elaborazioni manuali con logiche strettamente correlate alle finalit\u00e0 per le quali i dati personali sono stati raccolti e, comunque, in modo da garantire in ogni caso la sicurezza dei medesimi. I dati vengono conservati per il tempo strettamente necessario alla gestione delle finalit\u00e0 per le quali i dati stessi sono raccolti nel rispetto delle norme vigenti e degli obblighi di legge.<\/p>\n<p>In ogni caso FieraRoma pratica regole che impediscono la conservazione dei dati a tempo indeterminato e limita quindi il tempo di conservazione nel rispetto del principio di minimizzazione del trattamento dei dati.<\/p>\n<h2>5. Soggetti autorizzati al trattamento, responsabili e comunicazione dei dati<\/h2>\n<p>Il trattamento dei dati raccolti \u00e8 effettuato da personale interno di FieraRoma a tal fine individuato e autorizzato del trattamento secondo specifiche istruzioni impartite nel rispetto della normativa vigente.<\/p>\n<p>I dati raccolti, qualora sia necessario o strumentale per l\u2019esecuzione delle indicate finalit\u00e0, potranno essere trattati da terzi nominati Responsabili esterni del trattamento, ovvero, a seconda dei casi, comunicati agli stessi quali autonomi titolari, e precisamente:<\/p>\n<ul>\n<li>i.societ\u00e0 facenti parte del nostro gruppo societario per le finalit\u00e0 di cui al punto 1 lett. a), b) e f);<\/li>\n<li>ii.persone, societ\u00e0, associazioni o studi professionali che prestino attivit\u00e0 di assistenza e consulenza alla nostra Societ\u00e0, per le finalit\u00e0 di cui al punto 1 lett. b) e f);<\/li>\n<li>iii.societ\u00e0, enti, associazioni che svolgono servizi connessi e strumentali alla esecuzione delle finalit\u00e0 sopra indicate (servizio di analisi e ricerche di mercato, gestione pagamenti tramite carta di credito, manutenzione dei sistemi informatici).<\/li>\n<\/ul>\n<p>I dati raccolti potranno altres\u00ec essere trasferiti all\u2019estero, presso societ\u00e0 facenti e non facenti parte del nostro gruppo societario, anche al di fuori dell\u2019Unione Europea nelle forme e nei modi previsti alla vigente normativa garantendo in ogni caso un adeguato livello di protezione.<\/p>\n<p>In ogni caso, i dati personali non saranno mai diffusi.<\/p>\n<h2>6. Diritti dell\u2019interessato<\/h2>\n<p>In ogni momento \u00e8 possibile accedere ai dati, opporsi al trattamento o chiedere la cancellazione, la modifica o l\u2019aggiornamento di tutte le informazioni personali raccolte da FieraRoma, esercitando il diritto alla limitazione del trattamento e il diritto alla portabilit\u00e0 dei dati, inviando un\u2019e-mail all\u2019indirizzo <a href=\"mailto:privacy@fieraroma.it\">privacy@fieraroma.it<\/a><\/div>\n<\/div>\n<\/div>\n<\/div>\n<\/div>\n<\/div>\n<\/div>\n<\/div>\n<\/div>\n<\/div>\n<\/div>\n<\/div>\n<\/article>\n<\/div>\n<p>[\/vc_column_text][\/vc_column][\/vc_row]<\/p>\n<\/section>","protected":false},"excerpt":{"rendered":"<p>[vc_row equal_height=&#8221;yes&#8221; content_placement=&#8221;middle&#8221; type=&#8221;vc_default&#8221; margin_top=&#8221;5&#8243; margin_bottom=&#8221;10&#8243; css=&#8221;.vc_custom_1529516549373{padding-top: 70px !important;padding-bottom: 20px !important;}&#8221;][vc_column offset=&#8221;vc_col-lg-offset-2 vc_col-lg-8 vc_col-md-offset-1 vc_col-md-10&#8243;][\/vc_column][\/vc_row][vc_row css=&#8221;.vc_custom_1658155902853{padding-bottom: 60px !important;}&#8221;][vc_column][vc_column_text css=&#8221;.vc_custom_1642966313803{padding-bottom: 20px !important;}&#8221;] 1. Titolare del trattamento Fiera Roma S.r.l. con sede legale in Via Portuense, 1645 Roma (Italia) (\u201cFieraRoma\u201d) garantisce il rispetto della disciplina in materia di protezione dei dati personali fornendo le seguenti informazioni circa&hellip;<\/p>\n","protected":false},"author":1,"featured_media":0,"parent":0,"menu_order":0,"comment_status":"closed","ping_status":"closed","template":"","meta":{"footnotes":""},"class_list":["post-2599","page","type-page","status-publish","hentry","description-off"],"_links":{"self":[{"href":"https:\/\/www.mydigitalexpo.com\/en\/wp-json\/wp\/v2\/pages\/2599","targetHints":{"allow":["GET"]}}],"collection":[{"href":"https:\/\/www.mydigitalexpo.com\/en\/wp-json\/wp\/v2\/pages"}],"about":[{"href":"https:\/\/www.mydigitalexpo.com\/en\/wp-json\/wp\/v2\/types\/page"}],"author":[{"embeddable":true,"href":"https:\/\/www.mydigitalexpo.com\/en\/wp-json\/wp\/v2\/users\/1"}],"replies":[{"embeddable":true,"href":"https:\/\/www.mydigitalexpo.com\/en\/wp-json\/wp\/v2\/comments?post=2599"}],"version-history":[{"count":7,"href":"https:\/\/www.mydigitalexpo.com\/en\/wp-json\/wp\/v2\/pages\/2599\/revisions"}],"predecessor-version":[{"id":2800,"href":"https:\/\/www.mydigitalexpo.com\/en\/wp-json\/wp\/v2\/pages\/2599\/revisions\/2800"}],"wp:attachment":[{"href":"https:\/\/www.mydigitalexpo.com\/en\/wp-json\/wp\/v2\/media?parent=2599"}],"curies":[{"name":"wp","href":"https:\/\/api.w.org\/{rel}","templated":true}]}}