{"id":2597,"date":"2021-10-05T23:56:06","date_gmt":"2021-10-05T21:56:06","guid":{"rendered":"https:\/\/www.mydigitalexpo.com\/terms-conditions\/"},"modified":"2022-07-18T16:52:09","modified_gmt":"2022-07-18T14:52:09","slug":"cookies","status":"publish","type":"page","link":"https:\/\/www.mydigitalexpo.com\/en\/cookies\/","title":{"rendered":"Cookies"},"content":{"rendered":"<section class=\"wpb-content-wrapper\"><p>[vc_row equal_height=&#8221;yes&#8221; content_placement=&#8221;middle&#8221; type=&#8221;vc_default&#8221; margin_top=&#8221;5&#8243; margin_bottom=&#8221;10&#8243; css=&#8221;.vc_custom_1529516549373{padding-top: 70px !important;padding-bottom: 20px !important;}&#8221;][vc_column offset=&#8221;vc_col-lg-offset-2 vc_col-lg-8 vc_col-md-offset-1 vc_col-md-10&#8243;]<div id=\"ultimate-heading-188669f38d4856fd0\" class=\"uvc-heading ult-adjust-bottom-margin ultimate-heading-188669f38d4856fd0 uvc-8480 accent-border-color\" data-hspacer=\"line_only\"  data-halign=\"center\" style=\"text-align:center\"><div class=\"uvc-main-heading ult-responsive\"  data-ultimate-target='.uvc-heading.ultimate-heading-188669f38d4856fd0 h2'  data-responsive-json-new='{\"font-size\":\"desktop:44px;tablet_portrait:30px;\",\"line-height\":\"desktop:54px;tablet_portrait:40px;\"}' ><h2 style=\"font-weight:bold;margin-bottom:10px;\">Cookies<\/h2><\/div><div class=\"uvc-heading-spacer line_only\" style=\"margin-bottom:40px;height:5px;\"><span class=\"uvc-headings-line\" style=\"border-style:solid;border-bottom-width:5px;border-color:;width:120px;\"><\/span><\/div><\/div>[\/vc_column][\/vc_row][vc_row css=&#8221;.vc_custom_1658155912768{padding-bottom: 60px !important;}&#8221;][vc_column][vc_column_text css=&#8221;.vc_custom_1642966313803{padding-bottom: 20px !important;}&#8221;]<\/p>\n<div id=\"content\" class=\"site-content clr\">\n<article class=\"single-page-article clr\">\n<div class=\"entry clr\">\n<div class=\"bialty-container\">\n<div class=\"fl-builder-content fl-builder-content-249 fl-builder-content-primary fl-builder-global-templates-locked\" data-post-id=\"249\">\n<div class=\"fl-row fl-row-full-width fl-row-bg-color fl-node-5e970b563bb9c\" data-node=\"5e970b563bb9c\">\n<div class=\"fl-row-content-wrap\">\n<div class=\"fl-row-content fl-row-fixed-width fl-node-content\">\n<div class=\"fl-col-group fl-node-5e970b56493d2\" data-node=\"5e970b56493d2\">\n<div class=\"fl-col fl-node-5e970b5649518\" data-node=\"5e970b5649518\">\n<div class=\"fl-col-content fl-node-content\">\n<div class=\"fl-module fl-module-rich-text fl-node-5e970b563b536\" data-node=\"5e970b563b536\">\n<div class=\"fl-module-content fl-node-content\">\n<div class=\"fl-rich-text\">\n<h2 class=\"paragraph-title\"><strong>Cosa sono i cookie.<\/strong><\/h2>\n<p>Un &#8220;cookie&#8221; \u00e8 un breve file di testo creato sul computer dell\u2019utente, quando questo accede a un determinato sito, con lo scopo di immagazzinare e trasportare informazioni. I cookie vengono inviati da un server web (ossia il computer sul quale \u00e8 in esecuzione il sito web visitato) al browser dell\u2019utente (Internet Explorer, Mozilla Firefox, Google Chrome, ecc.) e memorizzati sul computer di quest\u2019ultimo; vengono, quindi, rinviati al sito web durante le visite successive. Nel corso della navigazione l\u2019utente potrebbe ricevere sul suo terminale anche cookie di siti diversi (c.d. cookies di &#8220;terze parti&#8221;), impostati direttamente da gestori di detti siti web e utilizzati per le finalit\u00e0 e secondo le modalit\u00e0 da questi definiti.<\/p>\n<h2 class=\"paragraph-title\"><strong>Tipologie di cookie utilizzate dal presente sito.<\/strong><\/h2>\n<p>Il Sito utilizza cookie tecnici per garantire e agevolare la navigazione e fruizione del sito web e per raccogliere informazioni, in forma aggregata, sulle visite al Sito. Vengono altres\u00ec utilizzati cookie di terze parti per finalit\u00e0 profilanti.<\/p>\n<p>Il Sito utilizza solo cookie tecnici, rispetto ai quali non \u00e8 richiesto alcun consenso da parte dell\u2019interessato ai sensi della normativa in vigore.<\/p>\n<p>Nessun dato personale degli utenti viene in proposito acquisito dal sito. Non viene fatto uso di cookies per la trasmissione di informazioni di carattere personale, n\u00e9 vengono utilizzati c.d. cookies persistenti di alcun tipo, ovvero sistemi per il tracciamento degli utenti.<\/p>\n<p>L&#8217;uso di c.d. cookies di sessione (che non vengono memorizzati in modo persistente sul computer dell&#8217;utente e svaniscono con la chiusura del browser) \u00e8 strettamente limitato alla trasmissione di identificativi di sessione (costituiti da numeri casuali generati dal server) necessari per consentire l&#8217;esplorazione sicura ed efficiente del sito.<\/p>\n<p>I c.d. cookies di sessione utilizzati in questo sito evitano il ricorso ad altre tecniche informatiche potenzialmente pregiudizievoli per la riservatezza della navigazione degli utenti e non consentono l&#8217;acquisizione di dati personali identificativi dell&#8217;utente.<\/p>\n<h2><strong>Pi\u00f9 precisamente il Sito utilizza:<\/strong><\/h2>\n<div class=\"small-title\">B. Cookie di terze parti.<\/div>\n<p>Permettono di arricchire i contenuti del sito con materiale proveniente da soggetti esterni Collegamento alla\u00a0<a href=\"https:\/\/policies.google.com\/technologies\/types?hl=it\" target=\"_blank\" rel=\"noopener\">informativa Google<\/a><\/p>\n<div class=\"small-title\">B1. Cookies tecnici di Analytics<\/div>\n<p>Il Sito utilizza Google Analytics per meri fini statistici. Si tratta di un servizio di analisi web fornito da Google Inc. (\u201cGoogle\u201d) che utilizza dei cookie, che vengono depositati sul computer dell\u2019utente per consentire analisi statistiche in forma aggregata in ordine all\u2019utilizzo del sito web visitato; si precisa inoltre che oltre ai cookie, viene utilizzato da Google anche un pixel tag (guarda l&#8217;informativa).<\/p>\n<p>Google utilizza i Dati Personali raccolti allo scopo di tracciare ed esaminare l\u2019utilizzo di questa Applicazione, compilare report e condividerli con gli altri servizi sviluppati da Google. Questo Sito disabilita la condivisione con gli altri servizi sviluppati da Google. Google potrebbe utilizzare i Dati Personali per contestualizzare e personalizzare gli annunci del proprio network pubblicitario.<\/p>\n<p>Questa integrazione di Google Analytics rende anonimo il tuo indirizzo IP. L&#8217;anonimizzazione funziona abbreviando entro i confini degli Stati Membri dell&#8217;Unione Europea o in altri Paesi aderenti all&#8217;accordo sullo Spazio Economico Europeo l&#8217;indirizzo IP degli Utenti. Solo in casi eccezionali, l&#8217;indirizzo IP sar\u00e0 inviato ai server di Google e abbreviato all&#8217;interno degli Stati Uniti (guarda l&#8217;informativa).<\/p>\n<p>Come espressamente indicato dal Garante Privacy con i \u201cChiarimenti in merito all\u2019attuazione della normativa in materia di cookie\u201d del 5 Giugno 2015, i siti che utilizzano, per meri fini statistici, cookie analitici realizzati e messi a disposizione da terze parti non sono soggetti agli obblighi e agli adempimenti previsti dalla normativa (notificazione al Garante in primis) qualora vengano adottati strumenti idonei a ridurre il potere identificativo dei cookie analitici che utilizzano (ad esempio, mediante il mascheramento di porzioni significative dell\u2019indirizzo IP) e purch\u00e9 l\u2019impiego di tali cookie sia subordinato a vincoli contrattuali tra siti e terze parti, nei quali si faccia espressamente richiamo all\u2019impegno della terza parte o a utilizzarli esclusivamente per la fornitura del servizio, a conservarli separatamente e a non \u201carricchirli\u201d o a non \u201cincrociarli\u201d con altre informazioni di cui esse dispongano.<\/p>\n<p>Il Titolare del presente Sito, come gi\u00e0 premesso, ha deciso di avvalersi della funzione di anonimizzazione degli IP degli utenti fornita da Google e ha accettato l\u2019Emendamento sull\u2019elaborazione dei dati (Google Analytics Data Processing Amendment v20130906) messo a disposizione da Google Analytics nel rispetto della Direttiva 95\/46\/CE, con cui Google si impegna a trattare i dati secondo le richieste del Cliente \u2013 Titolare del Sito e a non condividerli con altri servizi aggiuntivi se non sia il Cliente stesso a richiederlo, attraverso le impostazioni dei servizi. Sul punto si informa l\u2019utente che il Titolare del presente Sito non ha collegato Google Analytics ad alcun servizio aggiuntivo e che non \u00e8 stata attivata alcuna opzione pubblicitaria o di condivisione dei dati con Google.<\/p>\n<p>Alla luce degli accorgimenti adottati, il servizio di Google Analytics, usato dal presente Sito per meri fini statistici, si attiva all\u2019atterraggio, non richiedendosi all\u2019utente alcun consenso per il rilascio dei relativi cookie.<\/p>\n<h2 class=\"paragraph-title\"><strong>DISABILITAZIONE DEI COOKIE<\/strong><\/h2>\n<p>Se non desideri che il tuo computer riceva e memorizzi cookies, puoi modificare le impostazioni di sicurezza del tuo browser (Internet Explorer, Google Chrome, Safari etc.).<\/p>\n<p>Per informazioni su come modificare le impostazioni dei cookies seleziona il browser che stai utilizzando<\/p>\n<ul class=\"generic-list\">\n<li><strong>Chrome:<\/strong>\u00a0<a href=\"https:\/\/support.google.com\/chrome\/answer\/95647?hl=it\" target=\"_blank\" rel=\"noopener\">https:\/\/support.google.com\/chrome\/answer\/95647?hl=it<\/a><\/li>\n<li><strong>Firefox:<\/strong>\u00a0<a href=\"https:\/\/support.mozilla.org\/it\/kb\/Attivare%20e%20disattivare%20i%20cookie\" target=\"_blank\" rel=\"noopener\">https:\/\/support.mozilla.org\/it\/kb\/Attivare%20e%20disattivare%20i%20cookie<\/a><\/li>\n<li><strong>Internet Explorer:<\/strong>\u00a0<a href=\"https:\/\/support.microsoft.com\/it-it\/help\/17442\/windows-internet-explorer-delete-manage-cookies\" target=\"_blank\" rel=\"noopener\">https:\/\/support.microsoft.com\/it-it\/help\/17442\/windows-internet-explorer-delete-manage-cookies<\/a><\/li>\n<li><strong>Opera:<\/strong>\u00a0<a href=\"https:\/\/help.opera.com\/en\/presto\/browser-behavior\/\" target=\"_blank\" rel=\"noopener\">https:\/\/help.opera.com\/en\/presto\/browser-behavior\/<\/a><\/li>\n<li><strong>Safari:<\/strong>\u00a0<a href=\"https:\/\/support.apple.com\/it-it\/guide\/safari\/sfri11471\/mac\" target=\"_blank\" rel=\"noopener\">https:\/\/support.apple.com\/it-it\/guide\/safari\/sfri11471\/mac<\/a><\/li>\n<\/ul>\n<p>La disattivazione dei cookie di terze parti \u00e8 inoltre possibile attraverso le modalit\u00e0 rese disponibili direttamente dalla societ\u00e0 terza titolare di detto trattamento, come indicato ai link riportati nel paragrafo &#8220;cookie di terze parti&#8221;. Attenzione: la disabilitazione totale o parziale dei cookie tecnici pu\u00f2 compromettere l&#8217;utilizzo delle funzionalit\u00e0 del Sito riservate agli utenti registrati. Al contrario, la fruibilit\u00e0 dei contenuti pubblici \u00e8 possibile anche disabilitando completamente i cookie.<\/p>\n<p>Per saperne di pi\u00f9 riguardo ai cookie e come gestire o disabilitare quelli di terze parti o di marketing\/retargeting, visita\u00a0<a href=\"http:\/\/www.youronlinechoices.com\/\" target=\"_blank\" rel=\"noopener\">www.youronlinechoices.com<\/a>.<\/div>\n<\/div>\n<\/div>\n<\/div>\n<\/div>\n<\/div>\n<\/div>\n<\/div>\n<\/div>\n<\/div>\n<\/div>\n<\/div>\n<\/article>\n<\/div>\n<p>[\/vc_column_text][\/vc_column][\/vc_row]<\/p>\n<\/section>","protected":false},"excerpt":{"rendered":"<p>[vc_row equal_height=&#8221;yes&#8221; content_placement=&#8221;middle&#8221; type=&#8221;vc_default&#8221; margin_top=&#8221;5&#8243; margin_bottom=&#8221;10&#8243; css=&#8221;.vc_custom_1529516549373{padding-top: 70px !important;padding-bottom: 20px !important;}&#8221;][vc_column offset=&#8221;vc_col-lg-offset-2 vc_col-lg-8 vc_col-md-offset-1 vc_col-md-10&#8243;][\/vc_column][\/vc_row][vc_row css=&#8221;.vc_custom_1658155912768{padding-bottom: 60px !important;}&#8221;][vc_column][vc_column_text css=&#8221;.vc_custom_1642966313803{padding-bottom: 20px !important;}&#8221;] Cosa sono i cookie. Un &#8220;cookie&#8221; \u00e8 un breve file di testo creato sul computer dell\u2019utente, quando questo accede a un determinato sito, con lo scopo di immagazzinare e trasportare informazioni. I cookie vengono&hellip;<\/p>\n","protected":false},"author":1,"featured_media":0,"parent":0,"menu_order":0,"comment_status":"closed","ping_status":"closed","template":"","meta":{"footnotes":""},"class_list":["post-2597","page","type-page","status-publish","hentry","description-off"],"_links":{"self":[{"href":"https:\/\/www.mydigitalexpo.com\/en\/wp-json\/wp\/v2\/pages\/2597","targetHints":{"allow":["GET"]}}],"collection":[{"href":"https:\/\/www.mydigitalexpo.com\/en\/wp-json\/wp\/v2\/pages"}],"about":[{"href":"https:\/\/www.mydigitalexpo.com\/en\/wp-json\/wp\/v2\/types\/page"}],"author":[{"embeddable":true,"href":"https:\/\/www.mydigitalexpo.com\/en\/wp-json\/wp\/v2\/users\/1"}],"replies":[{"embeddable":true,"href":"https:\/\/www.mydigitalexpo.com\/en\/wp-json\/wp\/v2\/comments?post=2597"}],"version-history":[{"count":7,"href":"https:\/\/www.mydigitalexpo.com\/en\/wp-json\/wp\/v2\/pages\/2597\/revisions"}],"predecessor-version":[{"id":2801,"href":"https:\/\/www.mydigitalexpo.com\/en\/wp-json\/wp\/v2\/pages\/2597\/revisions\/2801"}],"wp:attachment":[{"href":"https:\/\/www.mydigitalexpo.com\/en\/wp-json\/wp\/v2\/media?parent=2597"}],"curies":[{"name":"wp","href":"https:\/\/api.w.org\/{rel}","templated":true}]}}